{"id":96,"date":"2015-03-05T17:14:03","date_gmt":"2015-03-05T17:14:03","guid":{"rendered":"https:\/\/www.duesseldorfer-therapie.de\/?page_id=96"},"modified":"2015-05-30T07:29:44","modified_gmt":"2015-05-30T07:29:44","slug":"terapia-behawioralna","status":"publish","type":"page","link":"https:\/\/www.duesseldorfer-therapie.de\/pl\/terapia-behawioralna\/","title":{"rendered":"Terapia behawioralna"},"content":{"rendered":"<p>Psychoterapia behawioralna pomaga\u00a0zmieni\u0107 spos\u00f3b my\u015blenia \u00a0i zachowania, co przyczynia si\u0119 do znacznej poprawy samopoczucia. W odr\u00f3\u017cnieniu od innych rodzaj\u00f3w psychoterapii, terapia ta zajmuje si\u0119 problemami i trudno\u015bciami \u00a0na \u201etu i teraz\u201d. Terapia behawioralna nie\u00a0skupia si\u0119 wylacznie \u00a0na przyczynach dr\u0119cz\u0105cych nas problem\u00f3w. Poprzez analize\u00a0pojawiaj\u0105cych si\u0119 symptomow \u00a0poszukuje sposob\u00f3w poprawienia stanu \u015bwiadomo\u015bci pacjenta w chwili obecnej. Terapia zachowawcza \u00a0jest bardzo efektywna w leczeniu wielu dolegliwosci psychicznych.<\/p>\n<p>W moim gabinecie skupiam sie glownie na leczeniu:<\/p>\n<p>&#8211; ciezkich stanow emocjonalnych<\/p>\n<p>&#8211; depresji<\/p>\n<p>&#8211; hypochondrii<\/p>\n<p>&#8211; fobii<\/p>\n<p>&#8211; problemu niskiego poczucia wartosci<\/p>\n<p>&#8211; wypalenia w zakresie prywatnym i zawodowym (Burn out)<\/p>\n<p>&#8211; przezyc traumatycznych<\/p>\n<p>&#8211; zaburzen snu<\/p>\n<p>&#8211; zaburzen strachu<\/p>\n","protected":false},"excerpt":{"rendered":"<p>Psychoterapia behawioralna pomaga\u00a0zmieni\u0107 spos\u00f3b my\u015blenia \u00a0i zachowania, co przyczynia si\u0119 do znacznej poprawy samopoczucia. W odr\u00f3\u017cnieniu od innych rodzaj\u00f3w psychoterapii, terapia ta zajmuje si\u0119 problemami i trudno\u015bciami \u00a0na \u201etu i teraz\u201d. Terapia behawioralna nie\u00a0skupia si\u0119 wylacznie \u00a0na przyczynach dr\u0119cz\u0105cych nas problem\u00f3w. Poprzez analize\u00a0pojawiaj\u0105cych si\u0119 symptomow \u00a0poszukuje sposob\u00f3w poprawienia stanu \u015bwiadomo\u015bci pacjenta w chwili obecnej. Terapia [&hellip;]<\/p>\n","protected":false},"author":1,"featured_media":0,"parent":0,"menu_order":0,"comment_status":"open","ping_status":"open","template":"","meta":{"footnotes":""},"class_list":["post-96","page","type-page","status-publish","hentry"],"yoast_head":"<!-- This site is optimized with the Yoast SEO plugin v26.9 - https:\/\/yoast.com\/product\/yoast-seo-wordpress\/ -->\n<title>Terapia behawioralna - Praxis f\u00fcr Psychotherapie<\/title>\n<meta name=\"robots\" content=\"index, follow, max-snippet:-1, max-image-preview:large, max-video-preview:-1\" \/>\n<link rel=\"canonical\" href=\"https:\/\/www.duesseldorfer-therapie.de\/pl\/terapia-behawioralna\/\" \/>\n<meta property=\"og:locale\" content=\"pl_PL\" \/>\n<meta property=\"og:type\" content=\"article\" \/>\n<meta property=\"og:title\" content=\"Terapia behawioralna - Praxis f\u00fcr Psychotherapie\" \/>\n<meta property=\"og:description\" content=\"Psychoterapia behawioralna pomaga\u00a0zmieni\u0107 spos\u00f3b my\u015blenia \u00a0i zachowania, co przyczynia si\u0119 do znacznej poprawy samopoczucia. W odr\u00f3\u017cnieniu od innych rodzaj\u00f3w psychoterapii, terapia ta zajmuje si\u0119 problemami i trudno\u015bciami \u00a0na \u201etu i teraz\u201d. Terapia behawioralna nie\u00a0skupia si\u0119 wylacznie \u00a0na przyczynach dr\u0119cz\u0105cych nas problem\u00f3w. Poprzez analize\u00a0pojawiaj\u0105cych si\u0119 symptomow \u00a0poszukuje sposob\u00f3w poprawienia stanu \u015bwiadomo\u015bci pacjenta w chwili obecnej. Terapia [&hellip;]\" \/>\n<meta property=\"og:url\" content=\"https:\/\/www.duesseldorfer-therapie.de\/pl\/terapia-behawioralna\/\" \/>\n<meta property=\"og:site_name\" content=\"Praxis f\u00fcr Psychotherapie\" \/>\n<meta property=\"article:modified_time\" content=\"2015-05-30T07:29:44+00:00\" \/>\n<meta name=\"twitter:card\" content=\"summary_large_image\" \/>\n<meta name=\"twitter:label1\" content=\"Est. reading time\" \/>\n\t<meta name=\"twitter:data1\" content=\"1 minute\" \/>\n<script type=\"application\/ld+json\" class=\"yoast-schema-graph\">{\"@context\":\"https:\/\/schema.org\",\"@graph\":[{\"@type\":\"WebPage\",\"@id\":\"https:\/\/www.duesseldorfer-therapie.de\/pl\/terapia-behawioralna\/\",\"url\":\"https:\/\/www.duesseldorfer-therapie.de\/pl\/terapia-behawioralna\/\",\"name\":\"Terapia behawioralna - Praxis f\u00fcr Psychotherapie\",\"isPartOf\":{\"@id\":\"https:\/\/www.duesseldorfer-therapie.de\/pl\/#website\"},\"datePublished\":\"2015-03-05T17:14:03+00:00\",\"dateModified\":\"2015-05-30T07:29:44+00:00\",\"breadcrumb\":{\"@id\":\"https:\/\/www.duesseldorfer-therapie.de\/pl\/terapia-behawioralna\/#breadcrumb\"},\"inLanguage\":\"pl-PL\",\"potentialAction\":[{\"@type\":\"ReadAction\",\"target\":[\"https:\/\/www.duesseldorfer-therapie.de\/pl\/terapia-behawioralna\/\"]}]},{\"@type\":\"BreadcrumbList\",\"@id\":\"https:\/\/www.duesseldorfer-therapie.de\/pl\/terapia-behawioralna\/#breadcrumb\",\"itemListElement\":[{\"@type\":\"ListItem\",\"position\":1,\"name\":\"Startseite\",\"item\":\"https:\/\/www.duesseldorfer-therapie.de\/pl\/\"},{\"@type\":\"ListItem\",\"position\":2,\"name\":\"Terapia behawioralna\"}]},{\"@type\":\"WebSite\",\"@id\":\"https:\/\/www.duesseldorfer-therapie.de\/pl\/#website\",\"url\":\"https:\/\/www.duesseldorfer-therapie.de\/pl\/\",\"name\":\"Praxis f\u00fcr Psychotherapie\",\"description\":\"D\u00fcsseldorf\",\"publisher\":{\"@id\":\"https:\/\/www.duesseldorfer-therapie.de\/pl\/#organization\"},\"potentialAction\":[{\"@type\":\"SearchAction\",\"target\":{\"@type\":\"EntryPoint\",\"urlTemplate\":\"https:\/\/www.duesseldorfer-therapie.de\/pl\/?s={search_term_string}\"},\"query-input\":{\"@type\":\"PropertyValueSpecification\",\"valueRequired\":true,\"valueName\":\"search_term_string\"}}],\"inLanguage\":\"pl-PL\"},{\"@type\":\"Organization\",\"@id\":\"https:\/\/www.duesseldorfer-therapie.de\/pl\/#organization\",\"name\":\"Psychotherapeutische Privatpraxis D\u00fcsseldorf\",\"url\":\"https:\/\/www.duesseldorfer-therapie.de\/pl\/\",\"logo\":{\"@type\":\"ImageObject\",\"inLanguage\":\"pl-PL\",\"@id\":\"https:\/\/www.duesseldorfer-therapie.de\/pl\/#\/schema\/logo\/image\/\",\"url\":\"https:\/\/www.duesseldorfer-therapie.de\/wp-content\/uploads\/2019\/07\/katharina-lezoch-neu.300x240.jpg\",\"contentUrl\":\"https:\/\/www.duesseldorfer-therapie.de\/wp-content\/uploads\/2019\/07\/katharina-lezoch-neu.300x240.jpg\",\"width\":300,\"height\":240,\"caption\":\"Psychotherapeutische Privatpraxis D\u00fcsseldorf\"},\"image\":{\"@id\":\"https:\/\/www.duesseldorfer-therapie.de\/pl\/#\/schema\/logo\/image\/\"}}]}<\/script>\n<!-- \/ Yoast SEO plugin. -->","yoast_head_json":{"title":"Terapia behawioralna - Praxis f\u00fcr Psychotherapie","robots":{"index":"index","follow":"follow","max-snippet":"max-snippet:-1","max-image-preview":"max-image-preview:large","max-video-preview":"max-video-preview:-1"},"canonical":"https:\/\/www.duesseldorfer-therapie.de\/pl\/terapia-behawioralna\/","og_locale":"pl_PL","og_type":"article","og_title":"Terapia behawioralna - Praxis f\u00fcr Psychotherapie","og_description":"Psychoterapia behawioralna pomaga\u00a0zmieni\u0107 spos\u00f3b my\u015blenia \u00a0i zachowania, co przyczynia si\u0119 do znacznej poprawy samopoczucia. W odr\u00f3\u017cnieniu od innych rodzaj\u00f3w psychoterapii, terapia ta zajmuje si\u0119 problemami i trudno\u015bciami \u00a0na \u201etu i teraz\u201d. Terapia behawioralna nie\u00a0skupia si\u0119 wylacznie \u00a0na przyczynach dr\u0119cz\u0105cych nas problem\u00f3w. Poprzez analize\u00a0pojawiaj\u0105cych si\u0119 symptomow \u00a0poszukuje sposob\u00f3w poprawienia stanu \u015bwiadomo\u015bci pacjenta w chwili obecnej. Terapia [&hellip;]","og_url":"https:\/\/www.duesseldorfer-therapie.de\/pl\/terapia-behawioralna\/","og_site_name":"Praxis f\u00fcr Psychotherapie","article_modified_time":"2015-05-30T07:29:44+00:00","twitter_card":"summary_large_image","twitter_misc":{"Est. reading time":"1 minute"},"schema":{"@context":"https:\/\/schema.org","@graph":[{"@type":"WebPage","@id":"https:\/\/www.duesseldorfer-therapie.de\/pl\/terapia-behawioralna\/","url":"https:\/\/www.duesseldorfer-therapie.de\/pl\/terapia-behawioralna\/","name":"Terapia behawioralna - Praxis f\u00fcr Psychotherapie","isPartOf":{"@id":"https:\/\/www.duesseldorfer-therapie.de\/pl\/#website"},"datePublished":"2015-03-05T17:14:03+00:00","dateModified":"2015-05-30T07:29:44+00:00","breadcrumb":{"@id":"https:\/\/www.duesseldorfer-therapie.de\/pl\/terapia-behawioralna\/#breadcrumb"},"inLanguage":"pl-PL","potentialAction":[{"@type":"ReadAction","target":["https:\/\/www.duesseldorfer-therapie.de\/pl\/terapia-behawioralna\/"]}]},{"@type":"BreadcrumbList","@id":"https:\/\/www.duesseldorfer-therapie.de\/pl\/terapia-behawioralna\/#breadcrumb","itemListElement":[{"@type":"ListItem","position":1,"name":"Startseite","item":"https:\/\/www.duesseldorfer-therapie.de\/pl\/"},{"@type":"ListItem","position":2,"name":"Terapia behawioralna"}]},{"@type":"WebSite","@id":"https:\/\/www.duesseldorfer-therapie.de\/pl\/#website","url":"https:\/\/www.duesseldorfer-therapie.de\/pl\/","name":"Praxis f\u00fcr Psychotherapie","description":"D\u00fcsseldorf","publisher":{"@id":"https:\/\/www.duesseldorfer-therapie.de\/pl\/#organization"},"potentialAction":[{"@type":"SearchAction","target":{"@type":"EntryPoint","urlTemplate":"https:\/\/www.duesseldorfer-therapie.de\/pl\/?s={search_term_string}"},"query-input":{"@type":"PropertyValueSpecification","valueRequired":true,"valueName":"search_term_string"}}],"inLanguage":"pl-PL"},{"@type":"Organization","@id":"https:\/\/www.duesseldorfer-therapie.de\/pl\/#organization","name":"Psychotherapeutische Privatpraxis D\u00fcsseldorf","url":"https:\/\/www.duesseldorfer-therapie.de\/pl\/","logo":{"@type":"ImageObject","inLanguage":"pl-PL","@id":"https:\/\/www.duesseldorfer-therapie.de\/pl\/#\/schema\/logo\/image\/","url":"https:\/\/www.duesseldorfer-therapie.de\/wp-content\/uploads\/2019\/07\/katharina-lezoch-neu.300x240.jpg","contentUrl":"https:\/\/www.duesseldorfer-therapie.de\/wp-content\/uploads\/2019\/07\/katharina-lezoch-neu.300x240.jpg","width":300,"height":240,"caption":"Psychotherapeutische Privatpraxis D\u00fcsseldorf"},"image":{"@id":"https:\/\/www.duesseldorfer-therapie.de\/pl\/#\/schema\/logo\/image\/"}}]}},"_links":{"self":[{"href":"https:\/\/www.duesseldorfer-therapie.de\/pl\/wp-json\/wp\/v2\/pages\/96","targetHints":{"allow":["GET"]}}],"collection":[{"href":"https:\/\/www.duesseldorfer-therapie.de\/pl\/wp-json\/wp\/v2\/pages"}],"about":[{"href":"https:\/\/www.duesseldorfer-therapie.de\/pl\/wp-json\/wp\/v2\/types\/page"}],"author":[{"embeddable":true,"href":"https:\/\/www.duesseldorfer-therapie.de\/pl\/wp-json\/wp\/v2\/users\/1"}],"replies":[{"embeddable":true,"href":"https:\/\/www.duesseldorfer-therapie.de\/pl\/wp-json\/wp\/v2\/comments?post=96"}],"version-history":[{"count":0,"href":"https:\/\/www.duesseldorfer-therapie.de\/pl\/wp-json\/wp\/v2\/pages\/96\/revisions"}],"wp:attachment":[{"href":"https:\/\/www.duesseldorfer-therapie.de\/pl\/wp-json\/wp\/v2\/media?parent=96"}],"curies":[{"name":"wp","href":"https:\/\/api.w.org\/{rel}","templated":true}]}}