{"id":124,"date":"2015-03-05T17:32:46","date_gmt":"2015-03-05T17:32:46","guid":{"rendered":"https:\/\/www.duesseldorfer-therapie.de\/?page_id=124"},"modified":"2018-06-04T21:27:04","modified_gmt":"2018-06-04T21:27:04","slug":"koszta","status":"publish","type":"page","link":"https:\/\/www.duesseldorfer-therapie.de\/pl\/koszta\/","title":{"rendered":"Koszta"},"content":{"rendered":"<p>Oplata za sesje w moim gabinecie opiera sie na niemieckiej tabeli op\u0142at us\u0142ug psychoterapeutycznych (niem. GOP- Geb\u00fchrenordnung f\u00fcr Psychotherapeuten).<\/p>\n<h3>Pacjenci Prywatnie ubezpieczeni (Kasy Prywatne)<\/h3>\n<p>Z regu\u0142y kasy prywatne przejmuja \u00a0w ca\u0142osci lub w czesci, w zaleznowsci od polisy, op\u0142ate za psychoterapie.<\/p>\n<h3>Samooplata- Inwestycja w Twoje Zdrowie<\/h3>\n<p>Prywatna oplata \u00a0terapii \u00a0 to szansa inwestycji w swoje zdrowie- \u00a0najlepsza inwestycja zyciowa, bo najwazniejsze to przeciez nasze osobiste zdrowie.<\/p>\n<p>Cennik\/ Kosztorys kosztow na zyczenie.<\/p>\n<h3>Porada psychologiczna\/ Coaching :<\/h3>\n<p>Sesja \u00a0(75 Min) \u00a0180 EUR \u00a0( rowniez poprzez \u00a0Skype)<\/p>\n<p>&nbsp;<\/p>\n","protected":false},"excerpt":{"rendered":"<p>Oplata za sesje w moim gabinecie opiera sie na niemieckiej tabeli op\u0142at us\u0142ug psychoterapeutycznych (niem. GOP- Geb\u00fchrenordnung f\u00fcr Psychotherapeuten). Pacjenci Prywatnie ubezpieczeni (Kasy Prywatne) Z regu\u0142y kasy prywatne przejmuja \u00a0w ca\u0142osci lub w czesci, w zaleznowsci od polisy, op\u0142ate za psychoterapie. Samooplata- Inwestycja w Twoje Zdrowie Prywatna oplata \u00a0terapii \u00a0 to szansa inwestycji w swoje [&hellip;]<\/p>\n","protected":false},"author":1,"featured_media":0,"parent":0,"menu_order":0,"comment_status":"open","ping_status":"open","template":"","meta":{"footnotes":""},"class_list":["post-124","page","type-page","status-publish","hentry"],"yoast_head":"<!-- This site is optimized with the Yoast SEO plugin v26.9 - https:\/\/yoast.com\/product\/yoast-seo-wordpress\/ -->\n<title>Koszta - Praxis f\u00fcr Psychotherapie<\/title>\n<meta name=\"robots\" content=\"index, follow, max-snippet:-1, max-image-preview:large, max-video-preview:-1\" \/>\n<link rel=\"canonical\" href=\"https:\/\/www.duesseldorfer-therapie.de\/pl\/koszta\/\" \/>\n<meta property=\"og:locale\" content=\"pl_PL\" \/>\n<meta property=\"og:type\" content=\"article\" \/>\n<meta property=\"og:title\" content=\"Koszta - Praxis f\u00fcr Psychotherapie\" \/>\n<meta property=\"og:description\" content=\"Oplata za sesje w moim gabinecie opiera sie na niemieckiej tabeli op\u0142at us\u0142ug psychoterapeutycznych (niem. GOP- Geb\u00fchrenordnung f\u00fcr Psychotherapeuten). Pacjenci Prywatnie ubezpieczeni (Kasy Prywatne) Z regu\u0142y kasy prywatne przejmuja \u00a0w ca\u0142osci lub w czesci, w zaleznowsci od polisy, op\u0142ate za psychoterapie. Samooplata- Inwestycja w Twoje Zdrowie Prywatna oplata \u00a0terapii \u00a0 to szansa inwestycji w swoje [&hellip;]\" \/>\n<meta property=\"og:url\" content=\"https:\/\/www.duesseldorfer-therapie.de\/pl\/koszta\/\" \/>\n<meta property=\"og:site_name\" content=\"Praxis f\u00fcr Psychotherapie\" \/>\n<meta property=\"article:modified_time\" content=\"2018-06-04T21:27:04+00:00\" \/>\n<meta name=\"twitter:card\" content=\"summary_large_image\" \/>\n<script type=\"application\/ld+json\" class=\"yoast-schema-graph\">{\"@context\":\"https:\/\/schema.org\",\"@graph\":[{\"@type\":\"WebPage\",\"@id\":\"https:\/\/www.duesseldorfer-therapie.de\/pl\/koszta\/\",\"url\":\"https:\/\/www.duesseldorfer-therapie.de\/pl\/koszta\/\",\"name\":\"Koszta - Praxis f\u00fcr Psychotherapie\",\"isPartOf\":{\"@id\":\"https:\/\/www.duesseldorfer-therapie.de\/pl\/#website\"},\"datePublished\":\"2015-03-05T17:32:46+00:00\",\"dateModified\":\"2018-06-04T21:27:04+00:00\",\"breadcrumb\":{\"@id\":\"https:\/\/www.duesseldorfer-therapie.de\/pl\/koszta\/#breadcrumb\"},\"inLanguage\":\"pl-PL\",\"potentialAction\":[{\"@type\":\"ReadAction\",\"target\":[\"https:\/\/www.duesseldorfer-therapie.de\/pl\/koszta\/\"]}]},{\"@type\":\"BreadcrumbList\",\"@id\":\"https:\/\/www.duesseldorfer-therapie.de\/pl\/koszta\/#breadcrumb\",\"itemListElement\":[{\"@type\":\"ListItem\",\"position\":1,\"name\":\"Startseite\",\"item\":\"https:\/\/www.duesseldorfer-therapie.de\/pl\/\"},{\"@type\":\"ListItem\",\"position\":2,\"name\":\"Koszta\"}]},{\"@type\":\"WebSite\",\"@id\":\"https:\/\/www.duesseldorfer-therapie.de\/pl\/#website\",\"url\":\"https:\/\/www.duesseldorfer-therapie.de\/pl\/\",\"name\":\"Praxis f\u00fcr Psychotherapie\",\"description\":\"D\u00fcsseldorf\",\"publisher\":{\"@id\":\"https:\/\/www.duesseldorfer-therapie.de\/pl\/#organization\"},\"potentialAction\":[{\"@type\":\"SearchAction\",\"target\":{\"@type\":\"EntryPoint\",\"urlTemplate\":\"https:\/\/www.duesseldorfer-therapie.de\/pl\/?s={search_term_string}\"},\"query-input\":{\"@type\":\"PropertyValueSpecification\",\"valueRequired\":true,\"valueName\":\"search_term_string\"}}],\"inLanguage\":\"pl-PL\"},{\"@type\":\"Organization\",\"@id\":\"https:\/\/www.duesseldorfer-therapie.de\/pl\/#organization\",\"name\":\"Psychotherapeutische Privatpraxis D\u00fcsseldorf\",\"url\":\"https:\/\/www.duesseldorfer-therapie.de\/pl\/\",\"logo\":{\"@type\":\"ImageObject\",\"inLanguage\":\"pl-PL\",\"@id\":\"https:\/\/www.duesseldorfer-therapie.de\/pl\/#\/schema\/logo\/image\/\",\"url\":\"https:\/\/www.duesseldorfer-therapie.de\/wp-content\/uploads\/2019\/07\/katharina-lezoch-neu.300x240.jpg\",\"contentUrl\":\"https:\/\/www.duesseldorfer-therapie.de\/wp-content\/uploads\/2019\/07\/katharina-lezoch-neu.300x240.jpg\",\"width\":300,\"height\":240,\"caption\":\"Psychotherapeutische Privatpraxis D\u00fcsseldorf\"},\"image\":{\"@id\":\"https:\/\/www.duesseldorfer-therapie.de\/pl\/#\/schema\/logo\/image\/\"}}]}<\/script>\n<!-- \/ Yoast SEO plugin. -->","yoast_head_json":{"title":"Koszta - Praxis f\u00fcr Psychotherapie","robots":{"index":"index","follow":"follow","max-snippet":"max-snippet:-1","max-image-preview":"max-image-preview:large","max-video-preview":"max-video-preview:-1"},"canonical":"https:\/\/www.duesseldorfer-therapie.de\/pl\/koszta\/","og_locale":"pl_PL","og_type":"article","og_title":"Koszta - Praxis f\u00fcr Psychotherapie","og_description":"Oplata za sesje w moim gabinecie opiera sie na niemieckiej tabeli op\u0142at us\u0142ug psychoterapeutycznych (niem. GOP- Geb\u00fchrenordnung f\u00fcr Psychotherapeuten). Pacjenci Prywatnie ubezpieczeni (Kasy Prywatne) Z regu\u0142y kasy prywatne przejmuja \u00a0w ca\u0142osci lub w czesci, w zaleznowsci od polisy, op\u0142ate za psychoterapie. Samooplata- Inwestycja w Twoje Zdrowie Prywatna oplata \u00a0terapii \u00a0 to szansa inwestycji w swoje [&hellip;]","og_url":"https:\/\/www.duesseldorfer-therapie.de\/pl\/koszta\/","og_site_name":"Praxis f\u00fcr Psychotherapie","article_modified_time":"2018-06-04T21:27:04+00:00","twitter_card":"summary_large_image","schema":{"@context":"https:\/\/schema.org","@graph":[{"@type":"WebPage","@id":"https:\/\/www.duesseldorfer-therapie.de\/pl\/koszta\/","url":"https:\/\/www.duesseldorfer-therapie.de\/pl\/koszta\/","name":"Koszta - Praxis f\u00fcr Psychotherapie","isPartOf":{"@id":"https:\/\/www.duesseldorfer-therapie.de\/pl\/#website"},"datePublished":"2015-03-05T17:32:46+00:00","dateModified":"2018-06-04T21:27:04+00:00","breadcrumb":{"@id":"https:\/\/www.duesseldorfer-therapie.de\/pl\/koszta\/#breadcrumb"},"inLanguage":"pl-PL","potentialAction":[{"@type":"ReadAction","target":["https:\/\/www.duesseldorfer-therapie.de\/pl\/koszta\/"]}]},{"@type":"BreadcrumbList","@id":"https:\/\/www.duesseldorfer-therapie.de\/pl\/koszta\/#breadcrumb","itemListElement":[{"@type":"ListItem","position":1,"name":"Startseite","item":"https:\/\/www.duesseldorfer-therapie.de\/pl\/"},{"@type":"ListItem","position":2,"name":"Koszta"}]},{"@type":"WebSite","@id":"https:\/\/www.duesseldorfer-therapie.de\/pl\/#website","url":"https:\/\/www.duesseldorfer-therapie.de\/pl\/","name":"Praxis f\u00fcr Psychotherapie","description":"D\u00fcsseldorf","publisher":{"@id":"https:\/\/www.duesseldorfer-therapie.de\/pl\/#organization"},"potentialAction":[{"@type":"SearchAction","target":{"@type":"EntryPoint","urlTemplate":"https:\/\/www.duesseldorfer-therapie.de\/pl\/?s={search_term_string}"},"query-input":{"@type":"PropertyValueSpecification","valueRequired":true,"valueName":"search_term_string"}}],"inLanguage":"pl-PL"},{"@type":"Organization","@id":"https:\/\/www.duesseldorfer-therapie.de\/pl\/#organization","name":"Psychotherapeutische Privatpraxis D\u00fcsseldorf","url":"https:\/\/www.duesseldorfer-therapie.de\/pl\/","logo":{"@type":"ImageObject","inLanguage":"pl-PL","@id":"https:\/\/www.duesseldorfer-therapie.de\/pl\/#\/schema\/logo\/image\/","url":"https:\/\/www.duesseldorfer-therapie.de\/wp-content\/uploads\/2019\/07\/katharina-lezoch-neu.300x240.jpg","contentUrl":"https:\/\/www.duesseldorfer-therapie.de\/wp-content\/uploads\/2019\/07\/katharina-lezoch-neu.300x240.jpg","width":300,"height":240,"caption":"Psychotherapeutische Privatpraxis D\u00fcsseldorf"},"image":{"@id":"https:\/\/www.duesseldorfer-therapie.de\/pl\/#\/schema\/logo\/image\/"}}]}},"_links":{"self":[{"href":"https:\/\/www.duesseldorfer-therapie.de\/pl\/wp-json\/wp\/v2\/pages\/124","targetHints":{"allow":["GET"]}}],"collection":[{"href":"https:\/\/www.duesseldorfer-therapie.de\/pl\/wp-json\/wp\/v2\/pages"}],"about":[{"href":"https:\/\/www.duesseldorfer-therapie.de\/pl\/wp-json\/wp\/v2\/types\/page"}],"author":[{"embeddable":true,"href":"https:\/\/www.duesseldorfer-therapie.de\/pl\/wp-json\/wp\/v2\/users\/1"}],"replies":[{"embeddable":true,"href":"https:\/\/www.duesseldorfer-therapie.de\/pl\/wp-json\/wp\/v2\/comments?post=124"}],"version-history":[{"count":0,"href":"https:\/\/www.duesseldorfer-therapie.de\/pl\/wp-json\/wp\/v2\/pages\/124\/revisions"}],"wp:attachment":[{"href":"https:\/\/www.duesseldorfer-therapie.de\/pl\/wp-json\/wp\/v2\/media?parent=124"}],"curies":[{"name":"wp","href":"https:\/\/api.w.org\/{rel}","templated":true}]}}