{"id":120,"date":"2015-03-05T17:30:55","date_gmt":"2015-03-05T17:30:55","guid":{"rendered":"https:\/\/www.duesseldorfer-therapie.de\/?page_id=120"},"modified":"2015-03-05T17:30:55","modified_gmt":"2015-03-05T17:30:55","slug":"najczesciej-pytania","status":"publish","type":"page","link":"https:\/\/www.duesseldorfer-therapie.de\/pl\/najczesciej-pytania\/","title":{"rendered":"Najcz\u0119\u015bciej pytania"},"content":{"rendered":"<h3>Was ist Psychotherapie?<\/h3>\n<p>Unter Psychotherapie versteht man im Allgemeinen die gezielte Behandlung von psychischen St\u00f6rungen mit Krankheitswert. Es existieren zahlreiche Psychotherapieverfahren. Als sogenannte \u201eRichtlinienverfahren\u201c sind jedoch nur drei Psychotherapieverfahren vom Gesetzgeber zur Heilkunde zugelassen und als ausreichend wissenschaftlich fundiert anerkannt. Dazu z\u00e4hlen:<\/p>\n<p>\u2022die Verhaltenstherapie<\/p>\n<p>\u2022die tiefenpsychologisch fundierte Psychotherapie<\/p>\n<p>\u2022die Psychoanalyse<\/p>\n<h3>Wer ist ein Psychologischer Psychotherapeut?<\/h3>\n<p>Ein Psychologischer Psychotherapeut ist ein Diplom-Psychologe, der ein abgeschlossenes Psychologiestudium und eine staatlich anerkannte 3-5-j\u00e4hrige, Vollzeit- bzw. berufsbegleitende Therapieausbildung aufweist. Dieser ist approbiert; das hei\u00dft, er hat die staatliche Anerkennung und die Genehmigung zur Aus\u00fcbung der Heilkunde. Er ist im Facharztregister eingetragen. In meinem Falle dem der KV-Nordrhein.<\/p>\n<h3>Wer ist ein \u00c4rztlicher Psychotherapeut?<\/h3>\n<p>Ein \u00c4rztlicher Psychotherapeut ist ein Arzt, der nach einem Medizinstudium eine Therapieausbildung absolviert hat.<\/p>\n<h3>Wer ist ein Psychiater?<\/h3>\n<p>Ein Psychiater ist ein Arzt mit einer Ausbildung zum Facharzt f\u00fcr Psychiatrie. Seine Ausbildung und Arbeitsweise geht eher von einer k\u00f6rperlichen (somatischen) Perspektive der seelischen Probleme aus. Die Behandlung mit Medikamenten steht somit im Vordergrund. Manche Psychiater haben ebenfalls zus\u00e4tzlich eine Psychotherapieausbildung absolviert und bieten Psychotherapie an.<\/p>\n<h3>Wer ist ein Nervenarzt?<\/h3>\n<p>Ein Nervenarzt ist ein Arzt, der auf die organische Behandlung des Nervensystems spezialisiert ist.<\/p>\n","protected":false},"excerpt":{"rendered":"<p>Was ist Psychotherapie? Unter Psychotherapie versteht man im Allgemeinen die gezielte Behandlung von psychischen St\u00f6rungen mit Krankheitswert. Es existieren zahlreiche Psychotherapieverfahren. Als sogenannte \u201eRichtlinienverfahren\u201c sind jedoch nur drei Psychotherapieverfahren vom Gesetzgeber zur Heilkunde zugelassen und als ausreichend wissenschaftlich fundiert anerkannt. Dazu z\u00e4hlen: \u2022die Verhaltenstherapie \u2022die tiefenpsychologisch fundierte Psychotherapie \u2022die Psychoanalyse Wer ist ein Psychologischer Psychotherapeut? [&hellip;]<\/p>\n","protected":false},"author":1,"featured_media":0,"parent":0,"menu_order":0,"comment_status":"open","ping_status":"open","template":"","meta":{"footnotes":""},"class_list":["post-120","page","type-page","status-publish","hentry"],"yoast_head":"<!-- This site is optimized with the Yoast SEO plugin v26.9 - https:\/\/yoast.com\/product\/yoast-seo-wordpress\/ -->\n<title>Najcz\u0119\u015bciej pytania - Praxis f\u00fcr Psychotherapie<\/title>\n<meta name=\"robots\" content=\"index, follow, max-snippet:-1, max-image-preview:large, max-video-preview:-1\" \/>\n<link rel=\"canonical\" href=\"https:\/\/www.duesseldorfer-therapie.de\/pl\/najczesciej-pytania\/\" \/>\n<meta property=\"og:locale\" content=\"pl_PL\" \/>\n<meta property=\"og:type\" content=\"article\" \/>\n<meta property=\"og:title\" content=\"Najcz\u0119\u015bciej pytania - Praxis f\u00fcr Psychotherapie\" \/>\n<meta property=\"og:description\" content=\"Was ist Psychotherapie? Unter Psychotherapie versteht man im Allgemeinen die gezielte Behandlung von psychischen St\u00f6rungen mit Krankheitswert. Es existieren zahlreiche Psychotherapieverfahren. Als sogenannte \u201eRichtlinienverfahren\u201c sind jedoch nur drei Psychotherapieverfahren vom Gesetzgeber zur Heilkunde zugelassen und als ausreichend wissenschaftlich fundiert anerkannt. Dazu z\u00e4hlen: \u2022die Verhaltenstherapie \u2022die tiefenpsychologisch fundierte Psychotherapie \u2022die Psychoanalyse Wer ist ein Psychologischer Psychotherapeut? [&hellip;]\" \/>\n<meta property=\"og:url\" content=\"https:\/\/www.duesseldorfer-therapie.de\/pl\/najczesciej-pytania\/\" \/>\n<meta property=\"og:site_name\" content=\"Praxis f\u00fcr Psychotherapie\" \/>\n<meta name=\"twitter:card\" content=\"summary_large_image\" \/>\n<meta name=\"twitter:label1\" content=\"Est. reading time\" \/>\n\t<meta name=\"twitter:data1\" content=\"1 minute\" \/>\n<script type=\"application\/ld+json\" class=\"yoast-schema-graph\">{\"@context\":\"https:\/\/schema.org\",\"@graph\":[{\"@type\":\"WebPage\",\"@id\":\"https:\/\/www.duesseldorfer-therapie.de\/pl\/najczesciej-pytania\/\",\"url\":\"https:\/\/www.duesseldorfer-therapie.de\/pl\/najczesciej-pytania\/\",\"name\":\"Najcz\u0119\u015bciej pytania - Praxis f\u00fcr Psychotherapie\",\"isPartOf\":{\"@id\":\"https:\/\/www.duesseldorfer-therapie.de\/pl\/#website\"},\"datePublished\":\"2015-03-05T17:30:55+00:00\",\"breadcrumb\":{\"@id\":\"https:\/\/www.duesseldorfer-therapie.de\/pl\/najczesciej-pytania\/#breadcrumb\"},\"inLanguage\":\"pl-PL\",\"potentialAction\":[{\"@type\":\"ReadAction\",\"target\":[\"https:\/\/www.duesseldorfer-therapie.de\/pl\/najczesciej-pytania\/\"]}]},{\"@type\":\"BreadcrumbList\",\"@id\":\"https:\/\/www.duesseldorfer-therapie.de\/pl\/najczesciej-pytania\/#breadcrumb\",\"itemListElement\":[{\"@type\":\"ListItem\",\"position\":1,\"name\":\"Startseite\",\"item\":\"https:\/\/www.duesseldorfer-therapie.de\/pl\/\"},{\"@type\":\"ListItem\",\"position\":2,\"name\":\"Najcz\u0119\u015bciej pytania\"}]},{\"@type\":\"WebSite\",\"@id\":\"https:\/\/www.duesseldorfer-therapie.de\/pl\/#website\",\"url\":\"https:\/\/www.duesseldorfer-therapie.de\/pl\/\",\"name\":\"Praxis f\u00fcr Psychotherapie\",\"description\":\"D\u00fcsseldorf\",\"publisher\":{\"@id\":\"https:\/\/www.duesseldorfer-therapie.de\/pl\/#organization\"},\"potentialAction\":[{\"@type\":\"SearchAction\",\"target\":{\"@type\":\"EntryPoint\",\"urlTemplate\":\"https:\/\/www.duesseldorfer-therapie.de\/pl\/?s={search_term_string}\"},\"query-input\":{\"@type\":\"PropertyValueSpecification\",\"valueRequired\":true,\"valueName\":\"search_term_string\"}}],\"inLanguage\":\"pl-PL\"},{\"@type\":\"Organization\",\"@id\":\"https:\/\/www.duesseldorfer-therapie.de\/pl\/#organization\",\"name\":\"Psychotherapeutische Privatpraxis D\u00fcsseldorf\",\"url\":\"https:\/\/www.duesseldorfer-therapie.de\/pl\/\",\"logo\":{\"@type\":\"ImageObject\",\"inLanguage\":\"pl-PL\",\"@id\":\"https:\/\/www.duesseldorfer-therapie.de\/pl\/#\/schema\/logo\/image\/\",\"url\":\"https:\/\/www.duesseldorfer-therapie.de\/wp-content\/uploads\/2019\/07\/katharina-lezoch-neu.300x240.jpg\",\"contentUrl\":\"https:\/\/www.duesseldorfer-therapie.de\/wp-content\/uploads\/2019\/07\/katharina-lezoch-neu.300x240.jpg\",\"width\":300,\"height\":240,\"caption\":\"Psychotherapeutische Privatpraxis D\u00fcsseldorf\"},\"image\":{\"@id\":\"https:\/\/www.duesseldorfer-therapie.de\/pl\/#\/schema\/logo\/image\/\"}}]}<\/script>\n<!-- \/ Yoast SEO plugin. -->","yoast_head_json":{"title":"Najcz\u0119\u015bciej pytania - Praxis f\u00fcr Psychotherapie","robots":{"index":"index","follow":"follow","max-snippet":"max-snippet:-1","max-image-preview":"max-image-preview:large","max-video-preview":"max-video-preview:-1"},"canonical":"https:\/\/www.duesseldorfer-therapie.de\/pl\/najczesciej-pytania\/","og_locale":"pl_PL","og_type":"article","og_title":"Najcz\u0119\u015bciej pytania - Praxis f\u00fcr Psychotherapie","og_description":"Was ist Psychotherapie? Unter Psychotherapie versteht man im Allgemeinen die gezielte Behandlung von psychischen St\u00f6rungen mit Krankheitswert. Es existieren zahlreiche Psychotherapieverfahren. Als sogenannte \u201eRichtlinienverfahren\u201c sind jedoch nur drei Psychotherapieverfahren vom Gesetzgeber zur Heilkunde zugelassen und als ausreichend wissenschaftlich fundiert anerkannt. Dazu z\u00e4hlen: \u2022die Verhaltenstherapie \u2022die tiefenpsychologisch fundierte Psychotherapie \u2022die Psychoanalyse Wer ist ein Psychologischer Psychotherapeut? [&hellip;]","og_url":"https:\/\/www.duesseldorfer-therapie.de\/pl\/najczesciej-pytania\/","og_site_name":"Praxis f\u00fcr Psychotherapie","twitter_card":"summary_large_image","twitter_misc":{"Est. reading time":"1 minute"},"schema":{"@context":"https:\/\/schema.org","@graph":[{"@type":"WebPage","@id":"https:\/\/www.duesseldorfer-therapie.de\/pl\/najczesciej-pytania\/","url":"https:\/\/www.duesseldorfer-therapie.de\/pl\/najczesciej-pytania\/","name":"Najcz\u0119\u015bciej pytania - Praxis f\u00fcr Psychotherapie","isPartOf":{"@id":"https:\/\/www.duesseldorfer-therapie.de\/pl\/#website"},"datePublished":"2015-03-05T17:30:55+00:00","breadcrumb":{"@id":"https:\/\/www.duesseldorfer-therapie.de\/pl\/najczesciej-pytania\/#breadcrumb"},"inLanguage":"pl-PL","potentialAction":[{"@type":"ReadAction","target":["https:\/\/www.duesseldorfer-therapie.de\/pl\/najczesciej-pytania\/"]}]},{"@type":"BreadcrumbList","@id":"https:\/\/www.duesseldorfer-therapie.de\/pl\/najczesciej-pytania\/#breadcrumb","itemListElement":[{"@type":"ListItem","position":1,"name":"Startseite","item":"https:\/\/www.duesseldorfer-therapie.de\/pl\/"},{"@type":"ListItem","position":2,"name":"Najcz\u0119\u015bciej pytania"}]},{"@type":"WebSite","@id":"https:\/\/www.duesseldorfer-therapie.de\/pl\/#website","url":"https:\/\/www.duesseldorfer-therapie.de\/pl\/","name":"Praxis f\u00fcr Psychotherapie","description":"D\u00fcsseldorf","publisher":{"@id":"https:\/\/www.duesseldorfer-therapie.de\/pl\/#organization"},"potentialAction":[{"@type":"SearchAction","target":{"@type":"EntryPoint","urlTemplate":"https:\/\/www.duesseldorfer-therapie.de\/pl\/?s={search_term_string}"},"query-input":{"@type":"PropertyValueSpecification","valueRequired":true,"valueName":"search_term_string"}}],"inLanguage":"pl-PL"},{"@type":"Organization","@id":"https:\/\/www.duesseldorfer-therapie.de\/pl\/#organization","name":"Psychotherapeutische Privatpraxis D\u00fcsseldorf","url":"https:\/\/www.duesseldorfer-therapie.de\/pl\/","logo":{"@type":"ImageObject","inLanguage":"pl-PL","@id":"https:\/\/www.duesseldorfer-therapie.de\/pl\/#\/schema\/logo\/image\/","url":"https:\/\/www.duesseldorfer-therapie.de\/wp-content\/uploads\/2019\/07\/katharina-lezoch-neu.300x240.jpg","contentUrl":"https:\/\/www.duesseldorfer-therapie.de\/wp-content\/uploads\/2019\/07\/katharina-lezoch-neu.300x240.jpg","width":300,"height":240,"caption":"Psychotherapeutische Privatpraxis D\u00fcsseldorf"},"image":{"@id":"https:\/\/www.duesseldorfer-therapie.de\/pl\/#\/schema\/logo\/image\/"}}]}},"_links":{"self":[{"href":"https:\/\/www.duesseldorfer-therapie.de\/pl\/wp-json\/wp\/v2\/pages\/120","targetHints":{"allow":["GET"]}}],"collection":[{"href":"https:\/\/www.duesseldorfer-therapie.de\/pl\/wp-json\/wp\/v2\/pages"}],"about":[{"href":"https:\/\/www.duesseldorfer-therapie.de\/pl\/wp-json\/wp\/v2\/types\/page"}],"author":[{"embeddable":true,"href":"https:\/\/www.duesseldorfer-therapie.de\/pl\/wp-json\/wp\/v2\/users\/1"}],"replies":[{"embeddable":true,"href":"https:\/\/www.duesseldorfer-therapie.de\/pl\/wp-json\/wp\/v2\/comments?post=120"}],"version-history":[{"count":0,"href":"https:\/\/www.duesseldorfer-therapie.de\/pl\/wp-json\/wp\/v2\/pages\/120\/revisions"}],"wp:attachment":[{"href":"https:\/\/www.duesseldorfer-therapie.de\/pl\/wp-json\/wp\/v2\/media?parent=120"}],"curies":[{"name":"wp","href":"https:\/\/api.w.org\/{rel}","templated":true}]}}