{"id":103,"date":"2015-03-05T17:16:16","date_gmt":"2015-03-05T17:16:16","guid":{"rendered":"https:\/\/www.duesseldorfer-therapie.de\/?page_id=103"},"modified":"2015-05-24T22:42:31","modified_gmt":"2015-05-24T22:42:31","slug":"emdr-2","status":"publish","type":"page","link":"https:\/\/www.duesseldorfer-therapie.de\/pl\/emdr-2\/","title":{"rendered":"EMDR"},"content":{"rendered":"<p style=\"text-align: justify;\">EMDR to kompleksowe podej\u015bcie, kt\u00f3re\u00a0laczy \u00a0elementy r\u00f3\u017cnych program\u00f3w terapeutycznych. Terapia ta polega glownie na\u00a0\u00a0wykorzystaniu\u00a0stymulacji bilateralnej (za pomoc\u0105 ruchu ga\u0142ek\u00a0<span style=\"line-height: 1.5;\">ocznych lub stymulacji akustycznej\u00a0etc.) i ma na celu popraw\u0119 komunikacji mi\u0119dzy\u00a0<\/span><span style=\"line-height: 1.5;\">lew\u0105 i praw\u0105 p\u00f3\u0142kul\u0105 m\u00f3zgu. <\/span><\/p>\n<p style=\"text-align: justify;\"><span style=\"line-height: 1.5;\">EMDR zaklada, ze gleboko stresujace wydarzenia lub traumatyczne sytuacje destabilizuja emocjonalno-psychiczna rownowage i tworza w mozgu tzw. &#8220;wyspe traumatyczna&#8221;, ktora nie pozwala zdrowego przetwarzania docierajacych do nas informacji. Okresla sie taki stan rowniez jako &#8220;zamrozeniem&#8221; w sieciach \u00a0neuronalnych. To &#8220;zamrozenie&#8221; informacji nie daje nam szans neutralnego interpretowania i przetwarzania docierajacych do nas informacji. Stan ten prowadzi do powaznych psychofizycznych zaburzen i chorob psychicznych (zaburzenia strachu, depresje, zmiana osobowosci itd.)\u00a0<\/span>Skutecznosc tej terapii zostala w wyniku wieloletnich \u00a0badan naukowych potwierdzona.<\/p>\n<p>&nbsp;<\/p>\n<p>&nbsp;<\/p>\n<p>&nbsp;<\/p>\n<p>&nbsp;<\/p>\n<p>&nbsp;<\/p>\n","protected":false},"excerpt":{"rendered":"<p>EMDR to kompleksowe podej\u015bcie, kt\u00f3re\u00a0laczy \u00a0elementy r\u00f3\u017cnych program\u00f3w terapeutycznych. Terapia ta polega glownie na\u00a0\u00a0wykorzystaniu\u00a0stymulacji bilateralnej (za pomoc\u0105 ruchu ga\u0142ek\u00a0ocznych lub stymulacji akustycznej\u00a0etc.) i ma na celu popraw\u0119 komunikacji mi\u0119dzy\u00a0lew\u0105 i praw\u0105 p\u00f3\u0142kul\u0105 m\u00f3zgu. EMDR zaklada, ze gleboko stresujace wydarzenia lub traumatyczne sytuacje destabilizuja emocjonalno-psychiczna rownowage i tworza w mozgu tzw. &#8220;wyspe traumatyczna&#8221;, ktora nie pozwala [&hellip;]<\/p>\n","protected":false},"author":1,"featured_media":0,"parent":0,"menu_order":0,"comment_status":"open","ping_status":"open","template":"","meta":{"footnotes":""},"class_list":["post-103","page","type-page","status-publish","hentry"],"yoast_head":"<!-- This site is optimized with the Yoast SEO plugin v26.9 - https:\/\/yoast.com\/product\/yoast-seo-wordpress\/ -->\n<title>EMDR - Praxis f\u00fcr Psychotherapie<\/title>\n<meta name=\"robots\" content=\"index, follow, max-snippet:-1, max-image-preview:large, max-video-preview:-1\" \/>\n<link rel=\"canonical\" href=\"https:\/\/www.duesseldorfer-therapie.de\/pl\/emdr-2\/\" \/>\n<meta property=\"og:locale\" content=\"pl_PL\" \/>\n<meta property=\"og:type\" content=\"article\" \/>\n<meta property=\"og:title\" content=\"EMDR - Praxis f\u00fcr Psychotherapie\" \/>\n<meta property=\"og:description\" content=\"EMDR to kompleksowe podej\u015bcie, kt\u00f3re\u00a0laczy \u00a0elementy r\u00f3\u017cnych program\u00f3w terapeutycznych. Terapia ta polega glownie na\u00a0\u00a0wykorzystaniu\u00a0stymulacji bilateralnej (za pomoc\u0105 ruchu ga\u0142ek\u00a0ocznych lub stymulacji akustycznej\u00a0etc.) i ma na celu popraw\u0119 komunikacji mi\u0119dzy\u00a0lew\u0105 i praw\u0105 p\u00f3\u0142kul\u0105 m\u00f3zgu. EMDR zaklada, ze gleboko stresujace wydarzenia lub traumatyczne sytuacje destabilizuja emocjonalno-psychiczna rownowage i tworza w mozgu tzw. &#8220;wyspe traumatyczna&#8221;, ktora nie pozwala [&hellip;]\" \/>\n<meta property=\"og:url\" content=\"https:\/\/www.duesseldorfer-therapie.de\/pl\/emdr-2\/\" \/>\n<meta property=\"og:site_name\" content=\"Praxis f\u00fcr Psychotherapie\" \/>\n<meta property=\"article:modified_time\" content=\"2015-05-24T22:42:31+00:00\" \/>\n<meta name=\"twitter:card\" content=\"summary_large_image\" \/>\n<meta name=\"twitter:label1\" content=\"Est. reading time\" \/>\n\t<meta name=\"twitter:data1\" content=\"1 minute\" \/>\n<script type=\"application\/ld+json\" class=\"yoast-schema-graph\">{\"@context\":\"https:\/\/schema.org\",\"@graph\":[{\"@type\":\"WebPage\",\"@id\":\"https:\/\/www.duesseldorfer-therapie.de\/pl\/emdr-2\/\",\"url\":\"https:\/\/www.duesseldorfer-therapie.de\/pl\/emdr-2\/\",\"name\":\"EMDR - Praxis f\u00fcr Psychotherapie\",\"isPartOf\":{\"@id\":\"https:\/\/www.duesseldorfer-therapie.de\/pl\/#website\"},\"datePublished\":\"2015-03-05T17:16:16+00:00\",\"dateModified\":\"2015-05-24T22:42:31+00:00\",\"breadcrumb\":{\"@id\":\"https:\/\/www.duesseldorfer-therapie.de\/pl\/emdr-2\/#breadcrumb\"},\"inLanguage\":\"pl-PL\",\"potentialAction\":[{\"@type\":\"ReadAction\",\"target\":[\"https:\/\/www.duesseldorfer-therapie.de\/pl\/emdr-2\/\"]}]},{\"@type\":\"BreadcrumbList\",\"@id\":\"https:\/\/www.duesseldorfer-therapie.de\/pl\/emdr-2\/#breadcrumb\",\"itemListElement\":[{\"@type\":\"ListItem\",\"position\":1,\"name\":\"Startseite\",\"item\":\"https:\/\/www.duesseldorfer-therapie.de\/pl\/\"},{\"@type\":\"ListItem\",\"position\":2,\"name\":\"EMDR\"}]},{\"@type\":\"WebSite\",\"@id\":\"https:\/\/www.duesseldorfer-therapie.de\/pl\/#website\",\"url\":\"https:\/\/www.duesseldorfer-therapie.de\/pl\/\",\"name\":\"Praxis f\u00fcr Psychotherapie\",\"description\":\"D\u00fcsseldorf\",\"publisher\":{\"@id\":\"https:\/\/www.duesseldorfer-therapie.de\/pl\/#organization\"},\"potentialAction\":[{\"@type\":\"SearchAction\",\"target\":{\"@type\":\"EntryPoint\",\"urlTemplate\":\"https:\/\/www.duesseldorfer-therapie.de\/pl\/?s={search_term_string}\"},\"query-input\":{\"@type\":\"PropertyValueSpecification\",\"valueRequired\":true,\"valueName\":\"search_term_string\"}}],\"inLanguage\":\"pl-PL\"},{\"@type\":\"Organization\",\"@id\":\"https:\/\/www.duesseldorfer-therapie.de\/pl\/#organization\",\"name\":\"Psychotherapeutische Privatpraxis D\u00fcsseldorf\",\"url\":\"https:\/\/www.duesseldorfer-therapie.de\/pl\/\",\"logo\":{\"@type\":\"ImageObject\",\"inLanguage\":\"pl-PL\",\"@id\":\"https:\/\/www.duesseldorfer-therapie.de\/pl\/#\/schema\/logo\/image\/\",\"url\":\"https:\/\/www.duesseldorfer-therapie.de\/wp-content\/uploads\/2019\/07\/katharina-lezoch-neu.300x240.jpg\",\"contentUrl\":\"https:\/\/www.duesseldorfer-therapie.de\/wp-content\/uploads\/2019\/07\/katharina-lezoch-neu.300x240.jpg\",\"width\":300,\"height\":240,\"caption\":\"Psychotherapeutische Privatpraxis D\u00fcsseldorf\"},\"image\":{\"@id\":\"https:\/\/www.duesseldorfer-therapie.de\/pl\/#\/schema\/logo\/image\/\"}}]}<\/script>\n<!-- \/ Yoast SEO plugin. -->","yoast_head_json":{"title":"EMDR - Praxis f\u00fcr Psychotherapie","robots":{"index":"index","follow":"follow","max-snippet":"max-snippet:-1","max-image-preview":"max-image-preview:large","max-video-preview":"max-video-preview:-1"},"canonical":"https:\/\/www.duesseldorfer-therapie.de\/pl\/emdr-2\/","og_locale":"pl_PL","og_type":"article","og_title":"EMDR - Praxis f\u00fcr Psychotherapie","og_description":"EMDR to kompleksowe podej\u015bcie, kt\u00f3re\u00a0laczy \u00a0elementy r\u00f3\u017cnych program\u00f3w terapeutycznych. Terapia ta polega glownie na\u00a0\u00a0wykorzystaniu\u00a0stymulacji bilateralnej (za pomoc\u0105 ruchu ga\u0142ek\u00a0ocznych lub stymulacji akustycznej\u00a0etc.) i ma na celu popraw\u0119 komunikacji mi\u0119dzy\u00a0lew\u0105 i praw\u0105 p\u00f3\u0142kul\u0105 m\u00f3zgu. EMDR zaklada, ze gleboko stresujace wydarzenia lub traumatyczne sytuacje destabilizuja emocjonalno-psychiczna rownowage i tworza w mozgu tzw. &#8220;wyspe traumatyczna&#8221;, ktora nie pozwala [&hellip;]","og_url":"https:\/\/www.duesseldorfer-therapie.de\/pl\/emdr-2\/","og_site_name":"Praxis f\u00fcr Psychotherapie","article_modified_time":"2015-05-24T22:42:31+00:00","twitter_card":"summary_large_image","twitter_misc":{"Est. reading time":"1 minute"},"schema":{"@context":"https:\/\/schema.org","@graph":[{"@type":"WebPage","@id":"https:\/\/www.duesseldorfer-therapie.de\/pl\/emdr-2\/","url":"https:\/\/www.duesseldorfer-therapie.de\/pl\/emdr-2\/","name":"EMDR - Praxis f\u00fcr Psychotherapie","isPartOf":{"@id":"https:\/\/www.duesseldorfer-therapie.de\/pl\/#website"},"datePublished":"2015-03-05T17:16:16+00:00","dateModified":"2015-05-24T22:42:31+00:00","breadcrumb":{"@id":"https:\/\/www.duesseldorfer-therapie.de\/pl\/emdr-2\/#breadcrumb"},"inLanguage":"pl-PL","potentialAction":[{"@type":"ReadAction","target":["https:\/\/www.duesseldorfer-therapie.de\/pl\/emdr-2\/"]}]},{"@type":"BreadcrumbList","@id":"https:\/\/www.duesseldorfer-therapie.de\/pl\/emdr-2\/#breadcrumb","itemListElement":[{"@type":"ListItem","position":1,"name":"Startseite","item":"https:\/\/www.duesseldorfer-therapie.de\/pl\/"},{"@type":"ListItem","position":2,"name":"EMDR"}]},{"@type":"WebSite","@id":"https:\/\/www.duesseldorfer-therapie.de\/pl\/#website","url":"https:\/\/www.duesseldorfer-therapie.de\/pl\/","name":"Praxis f\u00fcr Psychotherapie","description":"D\u00fcsseldorf","publisher":{"@id":"https:\/\/www.duesseldorfer-therapie.de\/pl\/#organization"},"potentialAction":[{"@type":"SearchAction","target":{"@type":"EntryPoint","urlTemplate":"https:\/\/www.duesseldorfer-therapie.de\/pl\/?s={search_term_string}"},"query-input":{"@type":"PropertyValueSpecification","valueRequired":true,"valueName":"search_term_string"}}],"inLanguage":"pl-PL"},{"@type":"Organization","@id":"https:\/\/www.duesseldorfer-therapie.de\/pl\/#organization","name":"Psychotherapeutische Privatpraxis D\u00fcsseldorf","url":"https:\/\/www.duesseldorfer-therapie.de\/pl\/","logo":{"@type":"ImageObject","inLanguage":"pl-PL","@id":"https:\/\/www.duesseldorfer-therapie.de\/pl\/#\/schema\/logo\/image\/","url":"https:\/\/www.duesseldorfer-therapie.de\/wp-content\/uploads\/2019\/07\/katharina-lezoch-neu.300x240.jpg","contentUrl":"https:\/\/www.duesseldorfer-therapie.de\/wp-content\/uploads\/2019\/07\/katharina-lezoch-neu.300x240.jpg","width":300,"height":240,"caption":"Psychotherapeutische Privatpraxis D\u00fcsseldorf"},"image":{"@id":"https:\/\/www.duesseldorfer-therapie.de\/pl\/#\/schema\/logo\/image\/"}}]}},"_links":{"self":[{"href":"https:\/\/www.duesseldorfer-therapie.de\/pl\/wp-json\/wp\/v2\/pages\/103","targetHints":{"allow":["GET"]}}],"collection":[{"href":"https:\/\/www.duesseldorfer-therapie.de\/pl\/wp-json\/wp\/v2\/pages"}],"about":[{"href":"https:\/\/www.duesseldorfer-therapie.de\/pl\/wp-json\/wp\/v2\/types\/page"}],"author":[{"embeddable":true,"href":"https:\/\/www.duesseldorfer-therapie.de\/pl\/wp-json\/wp\/v2\/users\/1"}],"replies":[{"embeddable":true,"href":"https:\/\/www.duesseldorfer-therapie.de\/pl\/wp-json\/wp\/v2\/comments?post=103"}],"version-history":[{"count":0,"href":"https:\/\/www.duesseldorfer-therapie.de\/pl\/wp-json\/wp\/v2\/pages\/103\/revisions"}],"wp:attachment":[{"href":"https:\/\/www.duesseldorfer-therapie.de\/pl\/wp-json\/wp\/v2\/media?parent=103"}],"curies":[{"name":"wp","href":"https:\/\/api.w.org\/{rel}","templated":true}]}}